{"id":1095,"date":"2024-03-04T11:54:11","date_gmt":"2024-03-04T10:54:11","guid":{"rendered":"https:\/\/siovar.hu\/?page_id=1095"},"modified":"2024-03-04T14:10:05","modified_gmt":"2024-03-04T13:10:05","slug":"nyuszis-mondokak-es-versek-husvetra","status":"publish","type":"page","link":"https:\/\/siovar.hu\/?page_id=1095","title":{"rendered":"Nyuszis mond\u00f3k\u00e1k \u00e9s versek h\u00fasv\u00e9tra"},"content":{"rendered":"\t\t<div data-elementor-type=\"wp-page\" data-elementor-id=\"1095\" class=\"elementor elementor-1095\" data-elementor-post-type=\"page\">\n\t\t\t\t\t\t<section class=\"elementor-section elementor-top-section elementor-element elementor-element-805baf8 elementor-section-boxed elementor-section-height-default elementor-section-height-default\" data-id=\"805baf8\" data-element_type=\"section\" data-settings=\"{&quot;background_background&quot;:&quot;classic&quot;}\">\n\t\t\t\t\t\t<div class=\"elementor-container elementor-column-gap-default\">\n\t\t\t\t\t<div class=\"elementor-column elementor-col-100 elementor-top-column elementor-element elementor-element-43d74b1\" data-id=\"43d74b1\" data-element_type=\"column\">\n\t\t\t<div class=\"elementor-widget-wrap elementor-element-populated\">\n\t\t\t\t\t\t\t<\/div>\n\t\t<\/div>\n\t\t\t\t\t<\/div>\n\t\t<\/section>\n\t\t\t\t<section class=\"elementor-section elementor-top-section elementor-element elementor-element-6da1bf2 elementor-section-boxed elementor-section-height-default elementor-section-height-default\" data-id=\"6da1bf2\" data-element_type=\"section\" data-settings=\"{&quot;background_background&quot;:&quot;classic&quot;}\">\n\t\t\t\t\t\t<div class=\"elementor-container elementor-column-gap-default\">\n\t\t\t\t\t<div class=\"elementor-column elementor-col-100 elementor-top-column elementor-element elementor-element-3e1695d\" data-id=\"3e1695d\" data-element_type=\"column\">\n\t\t\t<div class=\"elementor-widget-wrap elementor-element-populated\">\n\t\t\t\t\t\t<div class=\"elementor-element elementor-element-bc60b72 elementor-widget elementor-widget-heading\" data-id=\"bc60b72\" data-element_type=\"widget\" data-widget_type=\"heading.default\">\n\t\t\t\t<div class=\"elementor-widget-container\">\n\t\t\t<style>\/*! elementor - v3.23.0 - 05-08-2024 *\/\n.elementor-heading-title{padding:0;margin:0;line-height:1}.elementor-widget-heading .elementor-heading-title[class*=elementor-size-]>a{color:inherit;font-size:inherit;line-height:inherit}.elementor-widget-heading .elementor-heading-title.elementor-size-small{font-size:15px}.elementor-widget-heading .elementor-heading-title.elementor-size-medium{font-size:19px}.elementor-widget-heading .elementor-heading-title.elementor-size-large{font-size:29px}.elementor-widget-heading .elementor-heading-title.elementor-size-xl{font-size:39px}.elementor-widget-heading .elementor-heading-title.elementor-size-xxl{font-size:59px}<\/style><h2 class=\"elementor-heading-title elementor-size-large\">Nyuszis mond\u00f3k\u00e1k \u00e9s versek h\u00fasv\u00e9tra<\/h2>\t\t<\/div>\n\t\t\t\t<\/div>\n\t\t\t\t\t<\/div>\n\t\t<\/div>\n\t\t\t\t\t<\/div>\n\t\t<\/section>\n\t\t\t\t<section class=\"elementor-section elementor-top-section elementor-element elementor-element-4239098 elementor-section-boxed elementor-section-height-default elementor-section-height-default\" data-id=\"4239098\" data-element_type=\"section\" data-settings=\"{&quot;background_background&quot;:&quot;classic&quot;}\">\n\t\t\t\t\t\t<div class=\"elementor-container elementor-column-gap-default\">\n\t\t\t\t\t<div class=\"elementor-column elementor-col-100 elementor-top-column elementor-element elementor-element-bcb8fb7\" data-id=\"bcb8fb7\" data-element_type=\"column\">\n\t\t\t<div class=\"elementor-widget-wrap elementor-element-populated\">\n\t\t\t\t\t\t<div class=\"elementor-element elementor-element-cbd6567 elementor-widget elementor-widget-menu-anchor\" data-id=\"cbd6567\" data-element_type=\"widget\" data-widget_type=\"menu-anchor.default\">\n\t\t\t\t<div class=\"elementor-widget-container\">\n\t\t\t<style>\/*! elementor - v3.23.0 - 05-08-2024 *\/\nbody.elementor-page .elementor-widget-menu-anchor{margin-bottom:0}<\/style>\t\t<div class=\"elementor-menu-anchor\" id=\"nyuszis\"><\/div>\n\t\t\t\t<\/div>\n\t\t\t\t<\/div>\n\t\t\t\t\t<\/div>\n\t\t<\/div>\n\t\t\t\t\t<\/div>\n\t\t<\/section>\n\t\t\t\t<section class=\"elementor-section elementor-top-section elementor-element elementor-element-3f72496 elementor-section-boxed elementor-section-height-default elementor-section-height-default\" data-id=\"3f72496\" data-element_type=\"section\" data-settings=\"{&quot;background_background&quot;:&quot;classic&quot;}\">\n\t\t\t\t\t\t<div class=\"elementor-container elementor-column-gap-default\">\n\t\t\t\t\t<div class=\"elementor-column elementor-col-33 elementor-top-column elementor-element elementor-element-f18426e\" data-id=\"f18426e\" data-element_type=\"column\">\n\t\t\t<div class=\"elementor-widget-wrap elementor-element-populated\">\n\t\t\t\t\t\t<div class=\"elementor-element elementor-element-89e6df8 elementor-widget elementor-widget-text-editor\" data-id=\"89e6df8\" data-element_type=\"widget\" data-widget_type=\"text-editor.default\">\n\t\t\t\t<div class=\"elementor-widget-container\">\n\t\t\t<style>\/*! elementor - v3.23.0 - 05-08-2024 *\/\n.elementor-widget-text-editor.elementor-drop-cap-view-stacked .elementor-drop-cap{background-color:#69727d;color:#fff}.elementor-widget-text-editor.elementor-drop-cap-view-framed .elementor-drop-cap{color:#69727d;border:3px solid;background-color:transparent}.elementor-widget-text-editor:not(.elementor-drop-cap-view-default) .elementor-drop-cap{margin-top:8px}.elementor-widget-text-editor:not(.elementor-drop-cap-view-default) .elementor-drop-cap-letter{width:1em;height:1em}.elementor-widget-text-editor .elementor-drop-cap{float:left;text-align:center;line-height:1;font-size:50px}.elementor-widget-text-editor .elementor-drop-cap-letter{display:inline-block}<\/style>\t\t\t\t<p style=\"font-weight: 400;\"><strong style=\"font-size: 16px;\">Nyuszi f\u00fcl\u00e9t hegyezi,<\/strong><\/p><p style=\"font-weight: 400;\">nagy bajusz\u00e1t p\u00f6d\u00f6ri,<\/p><p style=\"font-weight: 400;\">r\u00e9p\u00e1t eszik, ropp, ropp, ropp,<\/p><p style=\"font-weight: 400;\">nagyot ugrik, hopp, hopp, hopp.<\/p><p style=\"font-weight: 400;\"><strong>Egy, kett\u0151, h\u00e1rom, n\u00e9gy,<\/strong><\/p><p style=\"font-weight: 400;\">te kis nyuszi hov\u00e1 m\u00e9gy?<\/p><p style=\"font-weight: 400;\">Se erd\u0151re, se r\u00e9tre, a sz\u00e9p tavasz el\u00e9be.<\/p><p style=\"font-weight: 400;\"><strong>Nyuszi, nyuszi, nyuszik\u00e1m,<\/strong><\/p><p style=\"font-weight: 400;\">ne f\u00e9lj t\u0151lem, nincs pusk\u00e1m.<\/p><p style=\"font-weight: 400;\">Van \u00e1m n\u00e9kem egyebem,<\/p><p style=\"font-weight: 400;\">friss k\u00e1posztalevelem.<\/p><p><img fetchpriority=\"high\" decoding=\"async\" class=\"alignnone size-medium wp-image-1110\" src=\"https:\/\/siovar.hu\/wp-content\/uploads\/2024\/03\/Kepernyofoto-2024-03-04-13.28.23-300x183.png\" alt=\"\" width=\"300\" height=\"183\" srcset=\"https:\/\/siovar.hu\/wp-content\/uploads\/2024\/03\/Kepernyofoto-2024-03-04-13.28.23-300x183.png 300w, https:\/\/siovar.hu\/wp-content\/uploads\/2024\/03\/Kepernyofoto-2024-03-04-13.28.23.png 484w\" sizes=\"(max-width: 300px) 100vw, 300px\" \/><\/p><p style=\"font-weight: 400;\"><strong>Felm\u00e1szott a ny\u00fal a f\u00e1ra,<\/strong><\/p><p style=\"font-weight: 400;\">csizm\u00e1t h\u00fazott a l\u00e1b\u00e1ra.<\/p><p style=\"font-weight: 400;\">Kalapot tett a fej\u00e9re,<\/p><p style=\"font-weight: 400;\">ne s\u00fcss\u00f6n a nap szem\u00e9be.<\/p><p style=\"font-weight: 400;\"><strong>Aludj baba, aludj\u00e1l,<\/strong><\/p><p style=\"font-weight: 400;\">nyuszika is alszik.<\/p><p style=\"font-weight: 400;\">Este van a faluban,<\/p><p><span style=\"font-weight: 400;\">esti harang hallik.<\/span><\/p><p><img decoding=\"async\" class=\"alignnone size-medium wp-image-1115\" src=\"https:\/\/siovar.hu\/wp-content\/uploads\/2024\/03\/Kepernyofoto-2024-03-04-13.38.51-300x199.png\" alt=\"\" width=\"300\" height=\"199\" srcset=\"https:\/\/siovar.hu\/wp-content\/uploads\/2024\/03\/Kepernyofoto-2024-03-04-13.38.51-300x199.png 300w, https:\/\/siovar.hu\/wp-content\/uploads\/2024\/03\/Kepernyofoto-2024-03-04-13.38.51.png 386w\" sizes=\"(max-width: 300px) 100vw, 300px\" \/><\/p><p style=\"font-weight: 400;\"><strong>Bidres-bodros\u00a0b\u00e1r\u00e1ny,<\/strong><\/p><p style=\"font-weight: 400;\">szalag van a l\u00e1b\u00e1n.<\/p><p style=\"font-weight: 400;\">A nyak\u00e1ban cseng\u0151,<\/p><p style=\"font-weight: 400;\">vezetgeti Gerg\u0151.<\/p><p style=\"font-weight: 400;\">\u00dagy s\u00e9t\u00e1l a b\u00e1r\u00e1ny,<\/p><p style=\"font-weight: 400;\">mint egy kis kir\u00e1lyl\u00e1ny.<\/p><p style=\"font-weight: 400;\">Gerg\u0151 se ak\u00e1rki! \u0150 meg a kir\u00e1lyfi.<\/p><p style=\"font-weight: 400;\">S kincse, kir\u00e1lys\u00e1ga: kicsi b\u00e1r\u00e1nyk\u00e1ja.<\/p>\t\t\t\t\t\t<\/div>\n\t\t\t\t<\/div>\n\t\t\t\t\t<\/div>\n\t\t<\/div>\n\t\t\t\t<div class=\"elementor-column elementor-col-33 elementor-top-column elementor-element elementor-element-1c75927\" data-id=\"1c75927\" data-element_type=\"column\">\n\t\t\t<div class=\"elementor-widget-wrap elementor-element-populated\">\n\t\t\t\t\t\t<div class=\"elementor-element elementor-element-549421e elementor-widget elementor-widget-text-editor\" data-id=\"549421e\" data-element_type=\"widget\" data-widget_type=\"text-editor.default\">\n\t\t\t\t<div class=\"elementor-widget-container\">\n\t\t\t\t\t\t\t<p style=\"font-weight: 400;\"><strong>Nyuszi \u00fcl a f\u0171ben, sz\u00e9pen szundik\u00e1lva.<\/strong><\/p><p style=\"font-weight: 400;\">Nyuszi tal\u00e1n beteg vagy, hogy m\u00e1r nem is ugorhatsz?<\/p><p style=\"font-weight: 400;\">Nyuszi hopp, nyuszi hopp, m\u00e1ris egyet elkapott!<\/p><p><img decoding=\"async\" class=\"alignnone size-medium wp-image-1113\" src=\"https:\/\/siovar.hu\/wp-content\/uploads\/2024\/03\/Kepernyofoto-2024-03-04-13.33.57-300x202.png\" alt=\"\" width=\"300\" height=\"202\" srcset=\"https:\/\/siovar.hu\/wp-content\/uploads\/2024\/03\/Kepernyofoto-2024-03-04-13.33.57-300x202.png 300w, https:\/\/siovar.hu\/wp-content\/uploads\/2024\/03\/Kepernyofoto-2024-03-04-13.33.57.png 568w\" sizes=\"(max-width: 300px) 100vw, 300px\" \/><\/p><p style=\"font-weight: 400;\"><strong>Erd\u0151 sz\u00e9l\u00e9n h\u00e1zik\u00f3,<\/strong><\/p><p style=\"font-weight: 400;\">ablak\u00e1ba\u2019 nagyany\u00f3,<\/p><p style=\"font-weight: 400;\">l\u00e1m egy nyuszi ott robog,<\/p><p style=\"font-weight: 400;\">az ajtaj\u00e1n bekopog.<\/p><p style=\"font-weight: 400;\">K\u00e9rlek, seg\u00edts \u00e9nrajtam!<\/p><p style=\"font-weight: 400;\">A vad\u00e1sz a nyomomban.<\/p><p style=\"font-weight: 400;\">Gyere nyuszi, sose f\u00e9lj!<\/p><p style=\"font-weight: 400;\">Meglesz\u00fcnk mi kettecsk\u00e9n.<\/p><p style=\"font-weight: 400;\"><strong>Hol \u00fcld\u00f6g\u00e9lsz kicsi ny\u00fal?<\/strong><\/p><p style=\"font-weight: 400;\">A ny\u00e1rfa t\u00f6v\u00e9be.<\/p><p style=\"font-weight: 400;\">Nem f\u00e1zik a f\u00fclecsk\u00e9d<\/p><p style=\"font-weight: 400;\">ebben az id\u0151ben?<\/p><p style=\"font-weight: 400;\">Bizony a ny\u00fal f\u00e1zik,<\/p><p style=\"font-weight: 400;\">ha a f\u0171ben \u00e1zik.<\/p><p style=\"font-weight: 400;\"><strong>Hadd n\u00e9zzek a tenyeredbe!<\/strong><\/p><p style=\"font-weight: 400;\">Kukuccs, kukuccs, mi van benne?<\/p><p style=\"font-weight: 400;\">Kerekecske, gombocska,<\/p><p style=\"font-weight: 400;\">itt szalad a nyulacska.<\/p><p style=\"font-weight: 400;\">Erre szalad, itt meg\u00e1ll,<\/p><p style=\"font-weight: 400;\">itt egy k\u00f6rutat csin\u00e1l.<\/p><p style=\"font-weight: 400;\">Ide b\u00fajik, ide be,<\/p><p style=\"font-weight: 400;\">kicsi gyerek \u00f6l\u00e9be.<\/p><p style=\"font-weight: 400;\"><strong>Este van m\u00e1r, alkonyul,<\/strong><\/p><p style=\"font-weight: 400;\">nyuszi f\u00fcle lekonyul.<\/p><p style=\"font-weight: 400;\">Dorombol a kiscica,<\/p><p style=\"font-weight: 400;\">aludj te is kisbaba.<\/p>\t\t\t\t\t\t<\/div>\n\t\t\t\t<\/div>\n\t\t\t\t\t<\/div>\n\t\t<\/div>\n\t\t\t\t<div class=\"elementor-column elementor-col-33 elementor-top-column elementor-element elementor-element-14e6a61\" data-id=\"14e6a61\" data-element_type=\"column\">\n\t\t\t<div class=\"elementor-widget-wrap elementor-element-populated\">\n\t\t\t\t\t\t<div class=\"elementor-element elementor-element-7d9bb53 elementor-widget elementor-widget-text-editor\" data-id=\"7d9bb53\" data-element_type=\"widget\" data-widget_type=\"text-editor.default\">\n\t\t\t\t<div class=\"elementor-widget-container\">\n\t\t\t\t\t\t\t<p style=\"font-weight: 400;\"><strong>Csuk\u00e1s Istv\u00e1n: Nyuszi mese<\/strong><\/p><p style=\"font-weight: 400;\">Nyuszi, nyuszi v\u00edgan j\u00e1tszik,<\/p><p style=\"font-weight: 400;\">csak a k\u00e9t nagy f\u00fcle l\u00e1tszik.<\/p><p style=\"font-weight: 400;\">Hajnal \u00f3ta ugr\u00e1l sorba,<\/p><p style=\"font-weight: 400;\">reketty\u00e9be, sombokorba.<\/p><p style=\"font-weight: 400;\">Est\u00e9re m\u00e1r nem bok\u00e1zik.<\/p><p style=\"font-weight: 400;\">iheg-liheg, lassan m\u00e1szik.<\/p><p style=\"font-weight: 400;\">Meg is eszik t\u00edz-h\u00fasz torzs\u00e1t,<\/p><p style=\"font-weight: 400;\">vizet iszik h\u00e1rom d\u00e9zs\u00e1t.<\/p><p><img loading=\"lazy\" decoding=\"async\" class=\"alignnone size-medium wp-image-1112\" src=\"https:\/\/siovar.hu\/wp-content\/uploads\/2024\/03\/Kepernyofoto-2024-03-04-13.38.24-300x201.png\" alt=\"\" width=\"300\" height=\"201\" srcset=\"https:\/\/siovar.hu\/wp-content\/uploads\/2024\/03\/Kepernyofoto-2024-03-04-13.38.24-300x201.png 300w, https:\/\/siovar.hu\/wp-content\/uploads\/2024\/03\/Kepernyofoto-2024-03-04-13.38.24.png 432w\" sizes=\"(max-width: 300px) 100vw, 300px\" \/><\/p><p style=\"font-weight: 400;\"><strong>Benedek Elek:\u00a0Kat\u00f3ka nyuszik\u00e1ja<\/strong><\/p><p style=\"font-weight: 400;\">\u2013 Tapsif\u00fcles nyuszimama, k\u00e9rem,<\/p><p style=\"font-weight: 400;\">T\u0151lem kapott z\u00f6lds\u00e9get a t\u00e9len,<\/p><p style=\"font-weight: 400;\">Ugye bizony, mostan viszonozza?<\/p><p style=\"font-weight: 400;\">Kis kosaram sz\u00e9p toj\u00e1ssal,<\/p><p style=\"font-weight: 400;\">Tulipiros figur\u00e1ssal,<\/p><p style=\"font-weight: 400;\">Telistele hozza?<\/p><p style=\"font-weight: 400;\">\u2013 Eltal\u00e1lta, kis Kat\u00f3k\u00e1m, szentem,<\/p><p style=\"font-weight: 400;\">J\u00f3 sz\u00edv\u00e9\u00e9rt jutalmat nyer menten,<\/p><p style=\"font-weight: 400;\">H\u00edmes toj\u00e1s \u00f6l\u00e9be guruljon,<\/p><p style=\"font-weight: 400;\">Locsol\u00f3v\u00edz, harmates\u0151,<\/p><p style=\"font-weight: 400;\">Illatosan permetez\u0151,<\/p><p style=\"font-weight: 400;\">Sz\u00e9p fej\u00e9re hulljon.<\/p><p><img loading=\"lazy\" decoding=\"async\" class=\"alignnone size-medium wp-image-1114\" src=\"https:\/\/siovar.hu\/wp-content\/uploads\/2024\/03\/Kepernyofoto-2024-03-04-13.38.33-300x222.png\" alt=\"\" width=\"300\" height=\"222\" srcset=\"https:\/\/siovar.hu\/wp-content\/uploads\/2024\/03\/Kepernyofoto-2024-03-04-13.38.33-300x222.png 300w, https:\/\/siovar.hu\/wp-content\/uploads\/2024\/03\/Kepernyofoto-2024-03-04-13.38.33.png 464w\" sizes=\"(max-width: 300px) 100vw, 300px\" \/><\/p><p style=\"font-weight: 400;\"><strong>L\u0151rinc P\u00e1l: H\u00e1rom f\u00fcles<\/strong><\/p><p style=\"font-weight: 400;\">H\u00e1rom kis ny\u00fal \u00fcl a r\u00e9ten.<\/p><p style=\"font-weight: 400;\">Mesebeli falusz\u00e9len.<\/p><p style=\"font-weight: 400;\">El\u0151tt\u00fck egy halom toj\u00e1s,<\/p><p style=\"font-weight: 400;\">H\u00fasv\u00e9t t\u00e1j\u00e1n ez \u00edgy szok\u00e1s.<\/p><p style=\"font-weight: 400;\">Fest\u00e9k is van j\u00f3csk\u00e1n, b\u0151ven,<\/p><p style=\"font-weight: 400;\">Fut az ecset tekerg\u0151en.<\/p><p style=\"font-weight: 400;\">Toj\u00e1son a sz\u00ednes cs\u00edkok<\/p><p style=\"font-weight: 400;\">Olyan, mint a f\u00fcrge gy\u00edkok.<\/p><p style=\"font-weight: 400;\">Ny\u00falap\u00f3 is megj\u00f6n k\u00f6zbe,<\/p><p style=\"font-weight: 400;\">Le\u00fcl k\u00f6zt\u00fck ott a f\u00f6ldre.<\/p><p style=\"font-weight: 400;\">Nagy bajusz\u00e1t simogatja,<\/p><p style=\"font-weight: 400;\">Toj\u00e1sokat v\u00e1logatja.<\/p><p style=\"font-weight: 400;\">Szebb az egyik, mint a m\u00e1sik,<\/p><p style=\"font-weight: 400;\">Nincsen k\u00f6zt\u00fck mely hib\u00e1zik.<\/p><p style=\"font-weight: 400;\">\u00dcgyes ez a h\u00e1rom f\u00fcles,<\/p><p style=\"font-weight: 400;\">Nem lesz a t\u00e1l sehol \u00fcres.<\/p><p style=\"font-weight: 400;\">Jut is b\u0151ven minden h\u00e1zba,<\/p><p style=\"font-weight: 400;\">Locsol\u00f3knak tariszny\u00e1ba.<\/p><p style=\"font-weight: 400;\">Kinek nem jut fusson ide,<\/p><p style=\"font-weight: 400;\">Ny\u00falap\u00f3 tesz a zsebibe.<\/p>\t\t\t\t\t\t<\/div>\n\t\t\t\t<\/div>\n\t\t\t\t\t<\/div>\n\t\t<\/div>\n\t\t\t\t\t<\/div>\n\t\t<\/section>\n\t\t\t\t<section class=\"elementor-section elementor-top-section elementor-element elementor-element-419b948 elementor-section-boxed elementor-section-height-default elementor-section-height-default\" data-id=\"419b948\" data-element_type=\"section\">\n\t\t\t\t\t\t<div class=\"elementor-container elementor-column-gap-default\">\n\t\t\t\t\t<div class=\"elementor-column elementor-col-100 elementor-top-column elementor-element elementor-element-473d068\" data-id=\"473d068\" data-element_type=\"column\">\n\t\t\t<div class=\"elementor-widget-wrap\">\n\t\t\t\t\t\t\t<\/div>\n\t\t<\/div>\n\t\t\t\t\t<\/div>\n\t\t<\/section>\n\t\t\t\t<\/div>\n\t\t","protected":false},"excerpt":{"rendered":"<p>Nyuszis mond\u00f3k\u00e1k \u00e9s versek h\u00fasv\u00e9tra Nyuszi f\u00fcl\u00e9t hegyezi, nagy bajusz\u00e1t p\u00f6d\u00f6ri, r\u00e9p\u00e1t eszik, ropp, ropp, ropp, nagyot ugrik, hopp, hopp, hopp. Egy, kett\u0151, h\u00e1rom, n\u00e9gy, te kis nyuszi hov\u00e1 m\u00e9gy? Se erd\u0151re, se r\u00e9tre, a sz\u00e9p tavasz el\u00e9be. Nyuszi, nyuszi, nyuszik\u00e1m, ne f\u00e9lj t\u0151lem, nincs pusk\u00e1m. Van \u00e1m n\u00e9kem egyebem, friss k\u00e1posztalevelem. Felm\u00e1szott a ny\u00fal &hellip;<\/p>\n<p class=\"read-more\"> <a class=\"\" href=\"https:\/\/siovar.hu\/?page_id=1095\"> <span class=\"screen-reader-text\">Nyuszis mond\u00f3k\u00e1k \u00e9s versek h\u00fasv\u00e9tra<\/span> Read More &raquo;<\/a><\/p>\n","protected":false},"author":1,"featured_media":0,"parent":0,"menu_order":0,"comment_status":"closed","ping_status":"closed","template":"","meta":{"site-sidebar-layout":"no-sidebar","site-content-layout":"","ast-site-content-layout":"full-width-container","site-content-style":"default","site-sidebar-style":"default","ast-global-header-display":"","ast-banner-title-visibility":"","ast-main-header-display":"","ast-hfb-above-header-display":"","ast-hfb-below-header-display":"","ast-hfb-mobile-header-display":"","site-post-title":"disabled","ast-breadcrumbs-content":"","ast-featured-img":"disabled","footer-sml-layout":"","theme-transparent-header-meta":"","adv-header-id-meta":"","stick-header-meta":"","header-above-stick-meta":"","header-main-stick-meta":"","header-below-stick-meta":"","astra-migrate-meta-layouts":"","ast-page-background-enabled":"default","ast-page-background-meta":{"desktop":{"background-color":"var(--ast-global-color-4)","background-image":"","background-repeat":"repeat","background-position":"center center","background-size":"auto","background-attachment":"scroll","background-type":"","background-media":"","overlay-type":"","overlay-color":"","overlay-gradient":""},"tablet":{"background-color":"","background-image":"","background-repeat":"repeat","background-position":"center center","background-size":"auto","background-attachment":"scroll","background-type":"","background-media":"","overlay-type":"","overlay-color":"","overlay-gradient":""},"mobile":{"background-color":"","background-image":"","background-repeat":"repeat","background-position":"center center","background-size":"auto","background-attachment":"scroll","background-type":"","background-media":"","overlay-type":"","overlay-color":"","overlay-gradient":""}},"ast-content-background-meta":{"desktop":{"background-color":"var(--ast-global-color-5)","background-image":"","background-repeat":"repeat","background-position":"center center","background-size":"auto","background-attachment":"scroll","background-type":"","background-media":"","overlay-type":"","overlay-color":"","overlay-gradient":""},"tablet":{"background-color":"var(--ast-global-color-5)","background-image":"","background-repeat":"repeat","background-position":"center center","background-size":"auto","background-attachment":"scroll","background-type":"","background-media":"","overlay-type":"","overlay-color":"","overlay-gradient":""},"mobile":{"background-color":"var(--ast-global-color-5)","background-image":"","background-repeat":"repeat","background-position":"center center","background-size":"auto","background-attachment":"scroll","background-type":"","background-media":"","overlay-type":"","overlay-color":"","overlay-gradient":""}},"footnotes":""},"class_list":["post-1095","page","type-page","status-publish","hentry"],"_links":{"self":[{"href":"https:\/\/siovar.hu\/index.php?rest_route=\/wp\/v2\/pages\/1095","targetHints":{"allow":["GET"]}}],"collection":[{"href":"https:\/\/siovar.hu\/index.php?rest_route=\/wp\/v2\/pages"}],"about":[{"href":"https:\/\/siovar.hu\/index.php?rest_route=\/wp\/v2\/types\/page"}],"author":[{"embeddable":true,"href":"https:\/\/siovar.hu\/index.php?rest_route=\/wp\/v2\/users\/1"}],"replies":[{"embeddable":true,"href":"https:\/\/siovar.hu\/index.php?rest_route=%2Fwp%2Fv2%2Fcomments&post=1095"}],"version-history":[{"count":18,"href":"https:\/\/siovar.hu\/index.php?rest_route=\/wp\/v2\/pages\/1095\/revisions"}],"predecessor-version":[{"id":1137,"href":"https:\/\/siovar.hu\/index.php?rest_route=\/wp\/v2\/pages\/1095\/revisions\/1137"}],"wp:attachment":[{"href":"https:\/\/siovar.hu\/index.php?rest_route=%2Fwp%2Fv2%2Fmedia&parent=1095"}],"curies":[{"name":"wp","href":"https:\/\/api.w.org\/{rel}","templated":true}]}}